{"id":8526,"date":"2021-05-26T15:25:27","date_gmt":"2021-05-26T15:25:27","guid":{"rendered":"https:\/\/www.abele1757.com\/datos-personales\/"},"modified":"2021-07-26T15:47:23","modified_gmt":"2021-07-26T15:47:23","slug":"datos-personales","status":"publish","type":"page","link":"https:\/\/www.abele1757.com\/es\/datos-personales\/","title":{"rendered":"Datos personales"},"content":{"rendered":"\t\t<div data-elementor-type=\"wp-page\" data-elementor-id=\"8526\" class=\"elementor elementor-8526 elementor-3813\" data-elementor-post-type=\"page\">\n\t\t\t\t\t\t<section class=\"elementor-section elementor-top-section elementor-element elementor-element-382c54b elementor-section-full_width elementor-section-height-default elementor-section-height-default\" data-id=\"382c54b\" data-element_type=\"section\" data-settings=\"{&quot;jet_parallax_layout_list&quot;:[{&quot;jet_parallax_layout_image&quot;:{&quot;url&quot;:&quot;&quot;,&quot;id&quot;:&quot;&quot;,&quot;size&quot;:&quot;&quot;},&quot;_id&quot;:&quot;28687cd&quot;,&quot;jet_parallax_layout_image_tablet&quot;:{&quot;url&quot;:&quot;&quot;,&quot;id&quot;:&quot;&quot;,&quot;size&quot;:&quot;&quot;},&quot;jet_parallax_layout_image_mobile&quot;:{&quot;url&quot;:&quot;&quot;,&quot;id&quot;:&quot;&quot;,&quot;size&quot;:&quot;&quot;},&quot;jet_parallax_layout_speed&quot;:{&quot;unit&quot;:&quot;%&quot;,&quot;size&quot;:50,&quot;sizes&quot;:[]},&quot;jet_parallax_layout_type&quot;:&quot;scroll&quot;,&quot;jet_parallax_layout_direction&quot;:&quot;1&quot;,&quot;jet_parallax_layout_fx_direction&quot;:null,&quot;jet_parallax_layout_z_index&quot;:&quot;&quot;,&quot;jet_parallax_layout_bg_x&quot;:50,&quot;jet_parallax_layout_bg_x_tablet&quot;:&quot;&quot;,&quot;jet_parallax_layout_bg_x_mobile&quot;:&quot;&quot;,&quot;jet_parallax_layout_bg_y&quot;:50,&quot;jet_parallax_layout_bg_y_tablet&quot;:&quot;&quot;,&quot;jet_parallax_layout_bg_y_mobile&quot;:&quot;&quot;,&quot;jet_parallax_layout_bg_size&quot;:&quot;auto&quot;,&quot;jet_parallax_layout_bg_size_tablet&quot;:&quot;&quot;,&quot;jet_parallax_layout_bg_size_mobile&quot;:&quot;&quot;,&quot;jet_parallax_layout_animation_prop&quot;:&quot;transform&quot;,&quot;jet_parallax_layout_on&quot;:[&quot;desktop&quot;,&quot;tablet&quot;]}],&quot;background_motion_fx_translateY_effect&quot;:&quot;yes&quot;,&quot;background_motion_fx_translateY_speed&quot;:{&quot;unit&quot;:&quot;px&quot;,&quot;size&quot;:4,&quot;sizes&quot;:[]},&quot;background_motion_fx_translateY_affectedRange&quot;:{&quot;unit&quot;:&quot;%&quot;,&quot;size&quot;:&quot;&quot;,&quot;sizes&quot;:{&quot;start&quot;:0,&quot;end&quot;:100}},&quot;background_motion_fx_devices&quot;:[&quot;desktop&quot;,&quot;tablet&quot;,&quot;mobile&quot;]}\">\n\t\t\t\t\t\t<div class=\"elementor-container elementor-column-gap-default\">\n\t\t\t\t\t<div class=\"jet-sticky-column elementor-column elementor-col-50 elementor-top-column elementor-element elementor-element-cc0daad\" data-jet-settings=\"{&quot;id&quot;:&quot;cc0daad&quot;,&quot;sticky&quot;:true,&quot;topSpacing&quot;:0,&quot;bottomSpacing&quot;:0,&quot;stickyOn&quot;:[&quot;desktop&quot;,&quot;tablet&quot;],&quot;behavior&quot;:&quot;default&quot;,&quot;zIndex&quot;:1100}\" data-id=\"cc0daad\" data-element_type=\"column\" data-settings=\"{&quot;background_background&quot;:&quot;classic&quot;}\">\n\t\t\t<div class=\"elementor-widget-wrap elementor-element-populated\">\n\t\t\t\t\t\t<div class=\"elementor-element elementor-element-72f60cc elementor-widget elementor-widget-spacer\" data-id=\"72f60cc\" data-element_type=\"widget\" data-settings=\"{&quot;sticky&quot;:&quot;top&quot;,&quot;sticky_on&quot;:[&quot;desktop&quot;,&quot;tablet&quot;],&quot;sticky_effects_offset&quot;:120,&quot;sticky_offset&quot;:0,&quot;sticky_anchor_link_offset&quot;:0}\" data-widget_type=\"spacer.default\">\n\t\t\t\t<div class=\"elementor-widget-container\">\n\t\t\t\t\t\t\t<div class=\"elementor-spacer\">\n\t\t\t<div class=\"elementor-spacer-inner\"><\/div>\n\t\t<\/div>\n\t\t\t\t\t\t<\/div>\n\t\t\t\t<\/div>\n\t\t\t\t\t<\/div>\n\t\t<\/div>\n\t\t\t\t<div class=\"elementor-column elementor-col-50 elementor-top-column elementor-element elementor-element-3fbe622\" data-id=\"3fbe622\" data-element_type=\"column\" data-settings=\"{&quot;background_background&quot;:&quot;classic&quot;}\">\n\t\t\t<div class=\"elementor-widget-wrap elementor-element-populated\">\n\t\t\t\t\t\t<section class=\"elementor-section elementor-inner-section elementor-element elementor-element-31b1394 elementor-section-boxed elementor-section-height-default elementor-section-height-default\" data-id=\"31b1394\" data-element_type=\"section\" data-settings=\"{&quot;jet_parallax_layout_list&quot;:[{&quot;jet_parallax_layout_image&quot;:{&quot;url&quot;:&quot;&quot;,&quot;id&quot;:&quot;&quot;,&quot;size&quot;:&quot;&quot;},&quot;_id&quot;:&quot;805f149&quot;,&quot;jet_parallax_layout_image_tablet&quot;:{&quot;url&quot;:&quot;&quot;,&quot;id&quot;:&quot;&quot;,&quot;size&quot;:&quot;&quot;},&quot;jet_parallax_layout_image_mobile&quot;:{&quot;url&quot;:&quot;&quot;,&quot;id&quot;:&quot;&quot;,&quot;size&quot;:&quot;&quot;},&quot;jet_parallax_layout_speed&quot;:{&quot;unit&quot;:&quot;%&quot;,&quot;size&quot;:50,&quot;sizes&quot;:[]},&quot;jet_parallax_layout_type&quot;:&quot;scroll&quot;,&quot;jet_parallax_layout_direction&quot;:&quot;1&quot;,&quot;jet_parallax_layout_fx_direction&quot;:null,&quot;jet_parallax_layout_z_index&quot;:&quot;&quot;,&quot;jet_parallax_layout_bg_x&quot;:50,&quot;jet_parallax_layout_bg_x_tablet&quot;:&quot;&quot;,&quot;jet_parallax_layout_bg_x_mobile&quot;:&quot;&quot;,&quot;jet_parallax_layout_bg_y&quot;:50,&quot;jet_parallax_layout_bg_y_tablet&quot;:&quot;&quot;,&quot;jet_parallax_layout_bg_y_mobile&quot;:&quot;&quot;,&quot;jet_parallax_layout_bg_size&quot;:&quot;auto&quot;,&quot;jet_parallax_layout_bg_size_tablet&quot;:&quot;&quot;,&quot;jet_parallax_layout_bg_size_mobile&quot;:&quot;&quot;,&quot;jet_parallax_layout_animation_prop&quot;:&quot;transform&quot;,&quot;jet_parallax_layout_on&quot;:[&quot;desktop&quot;,&quot;tablet&quot;]}]}\">\n\t\t\t\t\t\t<div class=\"elementor-container elementor-column-gap-default\">\n\t\t\t\t\t<div class=\"elementor-column elementor-col-50 elementor-inner-column elementor-element elementor-element-95ed415\" data-id=\"95ed415\" data-element_type=\"column\">\n\t\t\t<div class=\"elementor-widget-wrap elementor-element-populated\">\n\t\t\t\t\t\t<div class=\"elementor-element elementor-element-e9ff8bd elementor-widget elementor-widget-heading\" data-id=\"e9ff8bd\" data-element_type=\"widget\" data-widget_type=\"heading.default\">\n\t\t\t\t<div class=\"elementor-widget-container\">\n\t\t\t\t\t<h2 class=\"elementor-heading-title elementor-size-default\">Datos personales<\/h2>\t\t\t\t<\/div>\n\t\t\t\t<\/div>\n\t\t\t\t<div class=\"elementor-element elementor-element-28ae763 elementor-widget elementor-widget-heading\" data-id=\"28ae763\" data-element_type=\"widget\" data-widget_type=\"heading.default\">\n\t\t\t\t<div class=\"elementor-widget-container\">\n\t\t\t\t\t<h2 class=\"elementor-heading-title elementor-size-default\">Pol\u00edtica de protecci\u00f3n de datos personales<\/h2>\t\t\t\t<\/div>\n\t\t\t\t<\/div>\n\t\t\t\t<div class=\"elementor-element elementor-element-70309e5 elementor-widget elementor-widget-text-editor\" data-id=\"70309e5\" data-element_type=\"widget\" data-widget_type=\"text-editor.default\">\n\t\t\t\t<div class=\"elementor-widget-container\">\n\t\t\t\t\t\t\t\t\t<div id=\"lipsum\">\n<p>Champagne Henri Abel\u00e9 respeta su derecho a la privacidad. Tomamos todas las medidas necesarias para garantizar la seguridad de los datos personales que nos proporciona.<\/p>\n<p>Esta pol\u00edtica de privacidad (la \u00abPol\u00edtica\u00bb) describe los tipos de informaci\u00f3n que Champagne Henri Abel\u00e9 que usted pueda recopilar o que usted pueda proporcionarnos.<\/p>\n<p>Por lo tanto, al visitar estos Sitios y comunicarse electr\u00f3nicamente con nosotros, usted acepta que utilicemos datos personales indirectos (cookies, informaci\u00f3n de inicio de sesi\u00f3n) como se describe en nuestra pol\u00edtica de cookies m\u00e1s adelante. Si no est\u00e1 de acuerdo con esta Pol\u00edtica, no debe utilizar estos Sitios ni proporcionarnos su informaci\u00f3n personal.<\/p>\n<p>Los Sitios no est\u00e1n destinados a los menores de edad y no recopilaremos, utilizaremos, proporcionaremos ni procesaremos intencionadamente ninguna informaci\u00f3n personal de menores.<\/p>\n<p>Esta pol\u00edtica puede ser modificada en cualquier momento.<\/p>\n<p>Si contin\u00faa utilizando estos Sitios despu\u00e9s de que los cambios que hemos hecho sean efectivos, se considerar\u00e1 que ha aceptado dichos cambios. Por lo tanto, le rogamos que revise esta pol\u00edtica con regularidad.<\/p>\n<p><strong>Tratamiento :<\/strong><\/p>\n<p>Los datos recogidos se registran en un fichero utilizado por Champagne Henri Abel\u00e9 para gestionar su solicitud a trav\u00e9s de la secci\u00f3n \u00abContacto\u00bb del Sitio.<\/p>\n<p>Se conservan durante el tiempo estrictamente necesario para gestionar la solicitud, a excepci\u00f3n de los datos cuyo plazo m\u00ednimo de conservaci\u00f3n se deriva de una obligaci\u00f3n legal o reglamentaria o de la expiraci\u00f3n de un plazo de prescripci\u00f3n.<\/p>\n<p>Se destinan a Champagne Henri Abel\u00e9 y a los subcontratistas identificados y autorizados para los fines descritos en esta pol\u00edtica de privacidad.<\/p>\n<p>Los datos personales incluyen toda aquella informaci\u00f3n o elementos de informaci\u00f3n que permiten identificarle directa o indirectamente.<\/p>\n<p>Podemos recopilar informaci\u00f3n personal sobre usted a partir de diversas fuentes, entre ellas<\/p>\n<p>&#8211; Los datos personales recogidos directamente, que usted nos comunica voluntariamente en el sitio a trav\u00e9s de la secci\u00f3n \u00abContacto\u00bb. (por ejemplo, t\u00edtulo, apellido, nombre, fecha de nacimiento, direcci\u00f3n de correo electr\u00f3nico y n\u00famero de tel\u00e9fono, etc.).<\/p>\n<p>&#8211; Datos personales recogidos indirectamente, de forma autom\u00e1tica (la direcci\u00f3n IP del terminal utilizado para conectarse, el tipo de navegador, el sistema operativo, las horas de acceso, etc.) o con su consentimiento expreso (sus h\u00e1bitos de compra, informaci\u00f3n sobre su estilo de vida o preferencias, etc.) al utilizar nuestro Sitio. Cualquier informaci\u00f3n recopilada indirectamente solo se utilizar\u00e1 para controlar el volumen, el tipo y el patr\u00f3n de tr\u00e1fico que utiliza este Sitio, para desarrollar el dise\u00f1o y la disposici\u00f3n de este Sitio y para otros fines administrativos y de planificaci\u00f3n, para identificar posibles usos indebidos y, en general, para mejorar el servicio ofrecido.<\/p>\n<p>El tratamiento que realizamos se lleva a cabo con su consentimiento y responde a una finalidad expl\u00edcita, leg\u00edtima y determinada.<\/p>\n<p>El car\u00e1cter obligatorio o facultativo de los datos recogidos se indica en el momento de la introducci\u00f3n mediante la menci\u00f3n \u00abObligatorio\u00bb (o cualquier otro indicador visual apropiado, como un asterisco o un elemento en negrita) u \u00abOpcional\u00bb.<\/p>\n<p>Podemos revelar sus datos personales a organismos o agencias oficiales cuando se nos exija hacerlo para cumplir con una obligaci\u00f3n legal o si, a nuestro juicio de buena fe, dicha acci\u00f3n es razonablemente necesaria en relaci\u00f3n con los procedimientos legales; para responder a cualquier reclamaci\u00f3n o acci\u00f3n legal; o para proteger los derechos de Champagne Henri Abel\u00e9 o de sus clientes y consumidores.<\/p>\n<p><strong>Derechos de acceso :<\/strong><\/p>\n<p>De acuerdo con la ley n.\u00b0 78-17 del 6 de enero de 1978 relativa a la inform\u00e1tica, los archivos y las libertades, modificada, conocida como ley de \u00abInform\u00e1tica y Libertades\u00bb, y de acuerdo con el Reglamento europeo relativo a la protecci\u00f3n de datos personales n.\u00b0 2016\/679 que entr\u00f3 en vigor el 25 de mayo de 2018, usted goza de derechos sobre sus datos personales :<\/p>\n<p>&#8211; derecho de acceso a sus datos,<br \/>&#8211; derecho de rectificaci\u00f3n de sus datos,<br \/>&#8211; derecho de oposici\u00f3n al tratamiento (por ejemplo, a pedir que no se le env\u00eden m\u00e1s correos electr\u00f3nicos),<br \/>&#8211; derecho de retirada del consentimiento,<br \/>&#8211; derecho de eliminaci\u00f3n de sus datos,<br \/>&#8211; derecho de limitaci\u00f3n del tratamiento (sus datos no se eliminan, pero no permitimos su acceso),<br \/>&#8211; derecho a la portabilidad (usted recibe un fichero con los datos que nos ha confiado, o nos pide que transmitamos este fichero directamente a un tercero).<\/p>\n<p>Puede hacer valer sus derechos enviando su solicitud, sin demora, a la siguiente direcci\u00f3n donneespersonnelles@champagne-abele.com o por correo al departamento jur\u00eddico de Champagne Henri Abel\u00e9 en la siguiente direcci\u00f3n Champagne Henri Abel\u00e9 &#8211; Service juridique &#8211; 50 rue de Sillery &#8211; 51100 Reims \u2013 France. Tambi\u00e9n tiene derecho a presentar una reclamaci\u00f3n ante la CNIL.<\/p>\n<p>Por razones de seguridad y para evitar solicitudes fraudulentas, cada solicitud debe ser clara y precisa, ir acompa\u00f1ada de una copia de un documento de identidad y realizarse de acuerdo con el marco legal aplicable. Tras la tramitaci\u00f3n de la solicitud, este documento ser\u00e1 destruido.<\/p>\n<p><strong>Seguridad :<\/strong><\/p>\n<p>Almacenamos su informaci\u00f3n en entornos operativos seguros y protegidos del p\u00fablico. Seguimos las normas aceptadas por la industria para la protecci\u00f3n de los datos personales. La transmisi\u00f3n de informaci\u00f3n a trav\u00e9s de Internet de los datos de los Sitios est\u00e1 asegurada de acuerdo con las reglas del arte. Una vez que recibimos su informaci\u00f3n, utilizamos estrictos procedimientos y medidas de seguridad para evitar el acceso no autorizado.<\/p>\n<p><strong> <\/strong><\/p>\n<p><strong>Almacenamiento :<\/strong><\/p>\n<p>El almacenamiento y el procesamiento de su informaci\u00f3n y el uso de su informaci\u00f3n o su divulgaci\u00f3n pueden requerir la transferencia y\/o el almacenamiento de dicha informaci\u00f3n en el Espacio Econ\u00f3mico Europeo y su procesamiento por parte del personal de un proveedor ubicado en dichos territorios.<\/p>\n<p>Nuestros proveedores y prestadores de servicios est\u00e1n vinculados por un contrato que garantiza un alto nivel de protecci\u00f3n de datos y exige (entre otras cosas) que apliquen de forma permanente todas las medidas t\u00e9cnicas necesarias para mantener la seguridad de sus datos personales.<\/p>\n<p>Nuestro principal proveedor de servicios de alojamiento web se encuentra en Francia.<\/p>\n<p>De acuerdo con la legislaci\u00f3n y la normativa vigente, no conservamos sus datos m\u00e1s all\u00e1 del periodo estrictamente necesario para los fines expuestos.<\/p>\n<ul>\n<li>Los datos personales que ha completado\/declarado en su perfil se conservan durante un per\u00edodo de tres (3) a\u00f1os a partir de su \u00faltima actividad en el Sitio.<\/li>\n<li>Los datos relativos a su navegaci\u00f3n y su uso del Sitio se conservan durante un per\u00edodo de tres (3) a\u00f1os a partir de su \u00faltima actividad en el Sitio.<\/li>\n<li>Las estad\u00edsticas de medici\u00f3n de audiencia y frecuentaci\u00f3n de nuestro Sitio se conservan durante un per\u00edodo de trece (13) meses<\/li>\n<li>Los datos que permiten establecer la prueba de un derecho o un contrato, o que se conservan en el marco del respeto de una obligaci\u00f3n legal, se archivan de acuerdo con la legislaci\u00f3n vigente.<\/li>\n<\/ul>\n<\/div>\n\t\t\t\t\t\t\t\t<\/div>\n\t\t\t\t<\/div>\n\t\t\t\t\t<\/div>\n\t\t<\/div>\n\t\t\t\t<div class=\"elementor-column elementor-col-50 elementor-inner-column elementor-element elementor-element-a42ee5f elementor-hidden-phone\" data-id=\"a42ee5f\" data-element_type=\"column\">\n\t\t\t<div class=\"elementor-widget-wrap\">\n\t\t\t\t\t\t\t<\/div>\n\t\t<\/div>\n\t\t\t\t\t<\/div>\n\t\t<\/section>\n\t\t\t\t\t<\/div>\n\t\t<\/div>\n\t\t\t\t\t<\/div>\n\t\t<\/section>\n\t\t\t\t<\/div>\n\t\t","protected":false},"excerpt":{"rendered":"<p>Datos personales Pol\u00edtica de protecci\u00f3n de datos personales Champagne Henri Abel\u00e9 respeta su derecho a la privacidad. Tomamos todas las medidas necesarias para garantizar la seguridad de los datos personales que nos proporciona. Esta pol\u00edtica de privacidad (la \u00abPol\u00edtica\u00bb) describe los tipos de informaci\u00f3n que Champagne Henri Abel\u00e9 que usted pueda recopilar o que usted [&hellip;]<\/p>\n","protected":false},"author":1,"featured_media":0,"parent":0,"menu_order":0,"comment_status":"closed","ping_status":"closed","template":"","meta":{"footnotes":""},"class_list":["post-8526","page","type-page","status-publish","hentry"],"yoast_head":"<!-- This site is optimized with the Yoast SEO plugin v26.8 - https:\/\/yoast.com\/product\/yoast-seo-wordpress\/ -->\n<title>Datos personales - Champagne Abel\u00e9 1757<\/title>\n<meta name=\"robots\" content=\"index, follow, max-snippet:-1, max-image-preview:large, max-video-preview:-1\" \/>\n<link rel=\"canonical\" href=\"https:\/\/www.abele1757.com\/es\/datos-personales\/\" \/>\n<meta property=\"og:locale\" content=\"es_ES\" \/>\n<meta property=\"og:type\" content=\"article\" \/>\n<meta property=\"og:title\" content=\"Datos personales - Champagne Abel\u00e9 1757\" \/>\n<meta property=\"og:description\" content=\"Datos personales Pol\u00edtica de protecci\u00f3n de datos personales Champagne Henri Abel\u00e9 respeta su derecho a la privacidad. Tomamos todas las medidas necesarias para garantizar la seguridad de los datos personales que nos proporciona. Esta pol\u00edtica de privacidad (la \u00abPol\u00edtica\u00bb) describe los tipos de informaci\u00f3n que Champagne Henri Abel\u00e9 que usted pueda recopilar o que usted [&hellip;]\" \/>\n<meta property=\"og:url\" content=\"https:\/\/www.abele1757.com\/es\/datos-personales\/\" \/>\n<meta property=\"og:site_name\" content=\"Champagne Abel\u00e9 1757\" \/>\n<meta property=\"article:publisher\" content=\"https:\/\/www.facebook.com\/Abele1757\" \/>\n<meta property=\"article:modified_time\" content=\"2021-07-26T15:47:23+00:00\" \/>\n<meta name=\"twitter:card\" content=\"summary_large_image\" \/>\n<meta name=\"twitter:label1\" content=\"Tiempo de lectura\" \/>\n\t<meta name=\"twitter:data1\" content=\"6 minutos\" \/>\n<script type=\"application\/ld+json\" class=\"yoast-schema-graph\">{\"@context\":\"https:\/\/schema.org\",\"@graph\":[{\"@type\":\"WebPage\",\"@id\":\"https:\/\/www.abele1757.com\/es\/datos-personales\/\",\"url\":\"https:\/\/www.abele1757.com\/es\/datos-personales\/\",\"name\":\"Datos personales - Champagne Abel\u00e9 1757\",\"isPartOf\":{\"@id\":\"https:\/\/www.abele1757.com\/es\/#website\"},\"datePublished\":\"2021-05-26T15:25:27+00:00\",\"dateModified\":\"2021-07-26T15:47:23+00:00\",\"breadcrumb\":{\"@id\":\"https:\/\/www.abele1757.com\/es\/datos-personales\/#breadcrumb\"},\"inLanguage\":\"es\",\"potentialAction\":[{\"@type\":\"ReadAction\",\"target\":[\"https:\/\/www.abele1757.com\/es\/datos-personales\/\"]}]},{\"@type\":\"BreadcrumbList\",\"@id\":\"https:\/\/www.abele1757.com\/es\/datos-personales\/#breadcrumb\",\"itemListElement\":[{\"@type\":\"ListItem\",\"position\":1,\"name\":\"Accueil\",\"item\":\"https:\/\/www.abele1757.com\/es\/\"},{\"@type\":\"ListItem\",\"position\":2,\"name\":\"Datos personales\"}]},{\"@type\":\"WebSite\",\"@id\":\"https:\/\/www.abele1757.com\/es\/#website\",\"url\":\"https:\/\/www.abele1757.com\/es\/\",\"name\":\"Champagne Abel\u00e9 1757\",\"description\":\"Prendre le temps\",\"potentialAction\":[{\"@type\":\"SearchAction\",\"target\":{\"@type\":\"EntryPoint\",\"urlTemplate\":\"https:\/\/www.abele1757.com\/es\/?s={search_term_string}\"},\"query-input\":{\"@type\":\"PropertyValueSpecification\",\"valueRequired\":true,\"valueName\":\"search_term_string\"}}],\"inLanguage\":\"es\"}]}<\/script>\n<!-- \/ Yoast SEO plugin. -->","yoast_head_json":{"title":"Datos personales - Champagne Abel\u00e9 1757","robots":{"index":"index","follow":"follow","max-snippet":"max-snippet:-1","max-image-preview":"max-image-preview:large","max-video-preview":"max-video-preview:-1"},"canonical":"https:\/\/www.abele1757.com\/es\/datos-personales\/","og_locale":"es_ES","og_type":"article","og_title":"Datos personales - Champagne Abel\u00e9 1757","og_description":"Datos personales Pol\u00edtica de protecci\u00f3n de datos personales Champagne Henri Abel\u00e9 respeta su derecho a la privacidad. Tomamos todas las medidas necesarias para garantizar la seguridad de los datos personales que nos proporciona. Esta pol\u00edtica de privacidad (la \u00abPol\u00edtica\u00bb) describe los tipos de informaci\u00f3n que Champagne Henri Abel\u00e9 que usted pueda recopilar o que usted [&hellip;]","og_url":"https:\/\/www.abele1757.com\/es\/datos-personales\/","og_site_name":"Champagne Abel\u00e9 1757","article_publisher":"https:\/\/www.facebook.com\/Abele1757","article_modified_time":"2021-07-26T15:47:23+00:00","twitter_card":"summary_large_image","twitter_misc":{"Tiempo de lectura":"6 minutos"},"schema":{"@context":"https:\/\/schema.org","@graph":[{"@type":"WebPage","@id":"https:\/\/www.abele1757.com\/es\/datos-personales\/","url":"https:\/\/www.abele1757.com\/es\/datos-personales\/","name":"Datos personales - Champagne Abel\u00e9 1757","isPartOf":{"@id":"https:\/\/www.abele1757.com\/es\/#website"},"datePublished":"2021-05-26T15:25:27+00:00","dateModified":"2021-07-26T15:47:23+00:00","breadcrumb":{"@id":"https:\/\/www.abele1757.com\/es\/datos-personales\/#breadcrumb"},"inLanguage":"es","potentialAction":[{"@type":"ReadAction","target":["https:\/\/www.abele1757.com\/es\/datos-personales\/"]}]},{"@type":"BreadcrumbList","@id":"https:\/\/www.abele1757.com\/es\/datos-personales\/#breadcrumb","itemListElement":[{"@type":"ListItem","position":1,"name":"Accueil","item":"https:\/\/www.abele1757.com\/es\/"},{"@type":"ListItem","position":2,"name":"Datos personales"}]},{"@type":"WebSite","@id":"https:\/\/www.abele1757.com\/es\/#website","url":"https:\/\/www.abele1757.com\/es\/","name":"Champagne Abel\u00e9 1757","description":"Prendre le temps","potentialAction":[{"@type":"SearchAction","target":{"@type":"EntryPoint","urlTemplate":"https:\/\/www.abele1757.com\/es\/?s={search_term_string}"},"query-input":{"@type":"PropertyValueSpecification","valueRequired":true,"valueName":"search_term_string"}}],"inLanguage":"es"}]}},"_links":{"self":[{"href":"https:\/\/www.abele1757.com\/es\/wp-json\/wp\/v2\/pages\/8526","targetHints":{"allow":["GET"]}}],"collection":[{"href":"https:\/\/www.abele1757.com\/es\/wp-json\/wp\/v2\/pages"}],"about":[{"href":"https:\/\/www.abele1757.com\/es\/wp-json\/wp\/v2\/types\/page"}],"author":[{"embeddable":true,"href":"https:\/\/www.abele1757.com\/es\/wp-json\/wp\/v2\/users\/1"}],"replies":[{"embeddable":true,"href":"https:\/\/www.abele1757.com\/es\/wp-json\/wp\/v2\/comments?post=8526"}],"version-history":[{"count":7,"href":"https:\/\/www.abele1757.com\/es\/wp-json\/wp\/v2\/pages\/8526\/revisions"}],"predecessor-version":[{"id":8845,"href":"https:\/\/www.abele1757.com\/es\/wp-json\/wp\/v2\/pages\/8526\/revisions\/8845"}],"wp:attachment":[{"href":"https:\/\/www.abele1757.com\/es\/wp-json\/wp\/v2\/media?parent=8526"}],"curies":[{"name":"wp","href":"https:\/\/api.w.org\/{rel}","templated":true}]}}